{"id":2666,"date":"2025-04-20T04:16:15","date_gmt":"2025-04-20T04:16:15","guid":{"rendered":"https:\/\/cobrarentalbike.com\/?page_id=2666"},"modified":"2025-05-14T21:52:59","modified_gmt":"2025-05-14T21:52:59","slug":"tours","status":"publish","type":"page","link":"https:\/\/cobrarentalbike.com\/es\/tours\/","title":{"rendered":"Tours"},"content":{"rendered":"\n<div class=\"wp-block-uagb-container uagb-block-c54c600d alignfull uagb-is-root-container\"><div class=\"uagb-container-inner-blocks-wrap\">\n<div class=\"wp-block-uagb-advanced-heading uagb-block-439656ea\"><h5 class=\"uagb-heading-text\">Descubre Valencia sobre ruedas con nuestro<\/h5><\/div>\n\n\n\n<div class=\"wp-block-uagb-advanced-heading uagb-block-8b796fc7\"><h1 class=\"uagb-heading-text\">BIKE TOUR al MEJOR PRECIO!<\/h1><\/div>\n\n\n\n<div class=\"wp-block-uagb-advanced-heading uagb-block-9f3a8c4b\"><\/div>\n<\/div><\/div>\n\n\n\n<div class=\"wp-block-uagb-container uagb-block-6c370ad7 alignfull uagb-is-root-container\"><div class=\"uagb-container-inner-blocks-wrap\"><\/div><\/div>\n\n\n\n<div class=\"wp-block-uagb-container uagb-block-h9mbbdaw alignfull uagb-is-root-container\"><div class=\"uagb-container-inner-blocks-wrap\">\n<div class=\"wp-block-uagb-info-box uagb-block-xyyqnlto uagb-infobox__content-wrap  uagb-infobox-icon-above-title uagb-infobox-image-valign-top\"><div class=\"uagb-ifb-content\"><div class=\"uagb-ifb-title-wrap\"><h2 class=\"uagb-ifb-title\">&nbsp;<strong>BIKE TOUR<\/strong><\/h2><\/div><p class=\"uagb-ifb-desc\">Descubre Valencia sobre ruedas con nuestro BIKE TOUR al MEJOR PRECIO<\/p><\/div><\/div>\n\n\n\n<div class=\"wp-block-uagb-container uagb-block-mjy4lwsu\">\n<div class=\"wp-block-uagb-container uagb-block-1lcxnrxu\">\n<div class=\"wp-block-uagb-image alignleft uagb-block-iwi2mji5 wp-block-uagb-image--layout-default wp-block-uagb-image--effect-static wp-block-uagb-image--align-left\"><figure class=\"wp-block-uagb-image__figure\"><img decoding=\"async\" srcset=\"https:\/\/cobrarentalbike.com\/wp-content\/uploads\/2025\/04\/Imagen-de-tours-1024x683.png ,https:\/\/cobrarentalbike.com\/wp-content\/uploads\/2025\/04\/Imagen-de-tours.png 780w, https:\/\/cobrarentalbike.com\/wp-content\/uploads\/2025\/04\/Imagen-de-tours.png 360w\" sizes=\"auto, (max-width: 480px) 150px\" src=\"https:\/\/cobrarentalbike.com\/wp-content\/uploads\/2025\/04\/Imagen-de-tours-1024x683.png\" alt=\"Grupo de turistas disfrutando de un tour en bicicleta por las calles hist\u00f3ricas de Valencia, organizado por Cobra Rental Bike. Ideal para quienes desean conocer la ciudad de forma ecol\u00f3gica, divertida y guiada\" class=\"uag-image-2675\" width=\"600\" height=\"450\" title=\"Tour en bicicleta por Valencia \u2013 Cobra Rental Bike\" loading=\"lazy\" role=\"img\"\/><\/figure><\/div>\n<\/div>\n\n\n\n<div class=\"wp-block-uagb-container uagb-block-xktrheoa\">\n<div class=\"wp-block-uagb-info-box uagb-block-dv9gcjci uagb-infobox__content-wrap  uagb-infobox-icon-above-title uagb-infobox-image-valign-top\"><div class=\"uagb-ifb-content\"><div class=\"uagb-ifb-title-wrap\"><p class=\"uagb-ifb-title-prefix\">01<\/p><h3 class=\"uagb-ifb-title\">Tour para adultos desde 30<strong>\u20ac <\/strong>por persona<br><\/h3><\/div><p class=\"uagb-ifb-desc\">Sum\u00e9rgete en una experiencia enriquecedora pensada exclusivamente para adultos. Nuestros Adults Tours, con precios que oscilan entre los 25 y 30 euros por persona, te ofrecen la oportunidad de explorar paisajes impresionantes en Valencia y degustaciones culinarias \u00fanicas. Disfruta de un ambiente relajado y estimulante, ideal para conectar con otros viajeros y crear recuerdos duraderos. \u00a1Reserva tu plaza y vive una aventura a tu medida!<\/p><\/div><\/div>\n\n\n\n<div class=\"wp-block-uagb-buttons uagb-buttons__outer-wrap uagb-btn__default-btn uagb-btn-tablet__default-btn uagb-btn-mobile__default-btn uagb-block-jchv5uei\"><div class=\"uagb-buttons__wrap uagb-buttons-layout-wrap \">\n<div class=\"wp-block-uagb-buttons-child uagb-buttons__outer-wrap uagb-block-fved4ay5 wp-block-button\"><div class=\"uagb-button__wrapper\"><a class=\"uagb-buttons-repeater wp-block-button__link\" aria-label=\"\" href=\"#reservar-ahora\" rel=\"follow noopener\" target=\"_self\" role=\"button\"><div class=\"uagb-button__link\">Reservar ahora<\/div><span class=\"uagb-button__icon uagb-button__icon-position-after\"><svg xmlns=\"https:\/\/www.w3.org\/2000\/svg\" viewBox=\"0 0 320 512\" aria-hidden=\"true\" focussable=\"false\"><path d=\"M96 480c-8.188 0-16.38-3.125-22.62-9.375c-12.5-12.5-12.5-32.75 0-45.25L242.8 256L73.38 86.63c-12.5-12.5-12.5-32.75 0-45.25s32.75-12.5 45.25 0l192 192c12.5 12.5 12.5 32.75 0 45.25l-192 192C112.4 476.9 104.2 480 96 480z\"><\/path><\/svg><\/span><\/a><\/div><\/div>\n<\/div><\/div>\n<\/div>\n\n\n\n<div class=\"wp-block-uagb-container uagb-block-zcxjzuuw\">\n<div class=\"wp-block-uagb-info-box uagb-block-96vdres2 uagb-infobox__content-wrap  uagb-infobox-icon-above-title uagb-infobox-image-valign-top\"><div class=\"uagb-ifb-content\"><div class=\"uagb-ifb-title-wrap\"><p class=\"uagb-ifb-title-prefix\">02<\/p><h3 class=\"uagb-ifb-title\"><strong>Tour para ni\u00f1os GRATIS por la compra del Tour Adultos.<\/strong><br><\/h3><\/div><p class=\"uagb-ifb-desc\">\u00a1La diversi\u00f3n no tiene edad! Nuestros Kids Tours est\u00e1n dise\u00f1ados para despertar la curiosidad y la imaginaci\u00f3n de los ni\u00f1os. Los m\u00e1s peque\u00f1os disfrutar\u00e1n de actividades emocionantes y educativas en Valencia.<\/p><\/div><\/div>\n\n\n\n<div class=\"wp-block-uagb-buttons uagb-buttons__outer-wrap uagb-btn__default-btn uagb-btn-tablet__default-btn uagb-btn-mobile__default-btn uagb-block-jaon5bxv\"><div class=\"uagb-buttons__wrap uagb-buttons-layout-wrap \">\n<div class=\"wp-block-uagb-buttons-child uagb-buttons__outer-wrap uagb-block-x1nojjlz wp-block-button\"><div class=\"uagb-button__wrapper\"><a class=\"uagb-buttons-repeater wp-block-button__link\" aria-label=\"\" href=\"#reservar-ahora\" rel=\"follow noopener\" target=\"_self\" role=\"button\"><div class=\"uagb-button__link\">Reservar ahora<\/div><span class=\"uagb-button__icon uagb-button__icon-position-after\"><svg xmlns=\"https:\/\/www.w3.org\/2000\/svg\" viewBox=\"0 0 320 512\" aria-hidden=\"true\" focussable=\"false\"><path d=\"M96 480c-8.188 0-16.38-3.125-22.62-9.375c-12.5-12.5-12.5-32.75 0-45.25L242.8 256L73.38 86.63c-12.5-12.5-12.5-32.75 0-45.25s32.75-12.5 45.25 0l192 192c12.5 12.5 12.5 32.75 0 45.25l-192 192C112.4 476.9 104.2 480 96 480z\"><\/path><\/svg><\/span><\/a><\/div><\/div>\n<\/div><\/div>\n<\/div>\n\n\n\n<div class=\"wp-block-uagb-container uagb-block-ppnexhh3\">\n<div class=\"wp-block-uagb-image alignleft uagb-block-kqutl02d wp-block-uagb-image--layout-default wp-block-uagb-image--effect-static wp-block-uagb-image--align-left\"><figure class=\"wp-block-uagb-image__figure\"><img decoding=\"async\" srcset=\"https:\/\/cobrarentalbike.com\/wp-content\/uploads\/2025\/04\/ChatGPT-Image-20-abr-2025-10_05_45-a.m-1024x683.png ,https:\/\/cobrarentalbike.com\/wp-content\/uploads\/2025\/04\/ChatGPT-Image-20-abr-2025-10_05_45-a.m.png 780w, https:\/\/cobrarentalbike.com\/wp-content\/uploads\/2025\/04\/ChatGPT-Image-20-abr-2025-10_05_45-a.m.png 360w\" sizes=\"auto, (max-width: 480px) 150px\" src=\"https:\/\/cobrarentalbike.com\/wp-content\/uploads\/2025\/04\/ChatGPT-Image-20-abr-2025-10_05_45-a.m-1024x683.png\" alt=\"Tour en bicicleta por las Torres de Serranos en Valencia con Cobra Rental Bike\n\n\" class=\"uag-image-2680\" width=\"600\" height=\"450\" title=\"Paseo en bicicleta por las Torres de Serranos \u2013 Cobra Rental Bike Valencia\" loading=\"lazy\" role=\"img\"\/><\/figure><\/div>\n<\/div>\n\n\n\n<div class=\"wp-block-uagb-container uagb-block-t9v2i86x\">\n<div class=\"wp-block-uagb-image alignleft uagb-block-ayuzqdt7 wp-block-uagb-image--layout-default wp-block-uagb-image--effect-static wp-block-uagb-image--align-left\"><figure class=\"wp-block-uagb-image__figure\"><img decoding=\"async\" srcset=\"https:\/\/cobrarentalbike.com\/wp-content\/uploads\/2025\/04\/imgprecio.png ,https:\/\/cobrarentalbike.com\/wp-content\/uploads\/2025\/04\/imgprecio.png 780w, https:\/\/cobrarentalbike.com\/wp-content\/uploads\/2025\/04\/imgprecio.png 360w\" sizes=\"auto, (max-width: 480px) 150px\" src=\"https:\/\/cobrarentalbike.com\/wp-content\/uploads\/2025\/04\/imgprecio.png\" alt=\"Mujer en bicicleta junto a la Ciudad de las Artes y las Ciencias en Valencia \u2013 Cobra Rental Bike\n\" class=\"uag-image-2684\" width=\"600\" height=\"450\" title=\"Ruta en bicicleta por la Ciudad de las Artes y las Ciencias \u2013 Cobra Rental Bike Valencia\" loading=\"lazy\" role=\"img\"\/><\/figure><\/div>\n<\/div>\n\n\n\n<div class=\"wp-block-uagb-container uagb-block-ipguprnk\">\n<div class=\"wp-block-uagb-info-box uagb-block-wvegsyw9 uagb-infobox__content-wrap  uagb-infobox-icon-above-title uagb-infobox-image-valign-top\"><div class=\"uagb-ifb-content\"><div class=\"uagb-ifb-title-wrap\"><p class=\"uagb-ifb-title-prefix\">03<\/p><h3 class=\"uagb-ifb-title\">El tour incluye<\/h3><\/div><p class=\"uagb-ifb-desc\">Bicicleta<br>Gu\u00eda<br>Seguro<\/p><\/div><\/div>\n\n\n\n<div class=\"wp-block-uagb-buttons uagb-buttons__outer-wrap uagb-btn__default-btn uagb-btn-tablet__default-btn uagb-btn-mobile__default-btn uagb-block-0plspbjs\"><div class=\"uagb-buttons__wrap uagb-buttons-layout-wrap \">\n<div class=\"wp-block-uagb-buttons-child uagb-buttons__outer-wrap uagb-block-nudrkubv wp-block-button\"><div class=\"uagb-button__wrapper\"><a class=\"uagb-buttons-repeater wp-block-button__link\" aria-label=\"\" href=\"#reservar-ahora\" rel=\"follow noopener\" target=\"_self\" role=\"button\"><div class=\"uagb-button__link\">Reservar Ahora<\/div><span class=\"uagb-button__icon uagb-button__icon-position-after\"><svg xmlns=\"https:\/\/www.w3.org\/2000\/svg\" viewBox=\"0 0 320 512\" aria-hidden=\"true\" focussable=\"false\"><path d=\"M96 480c-8.188 0-16.38-3.125-22.62-9.375c-12.5-12.5-12.5-32.75 0-45.25L242.8 256L73.38 86.63c-12.5-12.5-12.5-32.75 0-45.25s32.75-12.5 45.25 0l192 192c12.5 12.5 12.5 32.75 0 45.25l-192 192C112.4 476.9 104.2 480 96 480z\"><\/path><\/svg><\/span><\/a><\/div><\/div>\n<\/div><\/div>\n<\/div>\n<\/div>\n<\/div><\/div>\n\n\n\n<div class=\"wp-block-uagb-container uagb-block-73956980 alignfull uagb-is-root-container\"><div class=\"uagb-container-inner-blocks-wrap\"><\/div><\/div>\n\n\n\n<div class=\"wp-block-uagb-container uagb-block-2cd4fd37 alignfull uagb-is-root-container\"><div class=\"uagb-container-inner-blocks-wrap\">\n<div class=\"wp-block-uagb-advanced-heading uagb-block-ae83a350\" id=\"reservar\"><h2 class=\"uagb-heading-text\">\u00a1Reserva Ahora!<\/h2><\/div>\n\n\n\n<div class=\"wp-block-uagb-container uagb-block-c71cc55d alignfull uagb-is-root-container\"><div class=\"uagb-container-inner-blocks-wrap\"><\/div><\/div>\n<\/div><\/div>\n\n\n\n<div class=\"wp-block-uagb-container uagb-block-jywvotdi alignfull uagb-is-root-container\"><div class=\"uagb-container-inner-blocks-wrap\">\n<div class=\"wp-block-uagb-container uagb-block-lhltbvc0\">\n<div class=\"wp-block-uagb-info-box uagb-block-1wwoiw9i uagb-infobox__content-wrap  uagb-infobox-icon-above-title uagb-infobox-image-valign-top\" id=\"contacto\"><div class=\"uagb-ifb-content\"><div class=\"uagb-ifb-title-wrap\"><h2 class=\"uagb-ifb-title\">DONDE ESTAMOS<\/h2><\/div><p class=\"uagb-ifb-desc\">Cont\u00e1ctanos para cualquier informaci\u00f3n, nuestro equipo estar\u00e1 encantado de ayudarte.<\/p><\/div><\/div>\n\n\n\n<div class=\"wp-block-uagb-info-box uagb-block-ipsq04qm uagb-infobox__content-wrap  uagb-infobox-icon-left-title uagb-infobox-left uagb-infobox-image-valign-top\"><div class=\"uagb-ifb-content\"><div class=\"uagb-ifb-left-title-image\"><div class=\"uagb-ifb-icon-wrap\"><svg xmlns=\"https:\/\/www.w3.org\/2000\/svg\" viewBox=\"0 0 384 512\"><path d=\"M168.3 499.2C116.1 435 0 279.4 0 192C0 85.96 85.96 0 192 0C298 0 384 85.96 384 192C384 279.4 267 435 215.7 499.2C203.4 514.5 180.6 514.5 168.3 499.2H168.3zM192 256C227.3 256 256 227.3 256 192C256 156.7 227.3 128 192 128C156.7 128 128 156.7 128 192C128 227.3 156.7 256 192 256z\"><\/path><\/svg><\/div><div class=\"uagb-ifb-title-wrap\"><p class=\"uagb-ifb-title\">Direcci\u00f3n<\/p><\/div><\/div><p class=\"uagb-ifb-desc\">Carrer de la Bosseria, 17, 46001 Val\u00e9ncia, Espa\u00f1a<\/p><div class=\"uagb-ifb-separator\"><\/div><\/div><\/div>\n\n\n\n<div class=\"wp-block-uagb-info-box uagb-block-ovueu6w9 uagb-infobox__content-wrap  uagb-infobox-icon-left-title uagb-infobox-left uagb-infobox-image-valign-top\"><div class=\"uagb-ifb-content\"><div class=\"uagb-ifb-left-title-image\"><div class=\"uagb-ifb-icon-wrap\"><svg xmlns=\"https:\/\/www.w3.org\/2000\/svg\" viewBox=\"0 0 512 512\"><path d=\"M511.2 387l-23.25 100.8c-3.266 14.25-15.79 24.22-30.46 24.22C205.2 512 0 306.8 0 54.5c0-14.66 9.969-27.2 24.22-30.45l100.8-23.25C139.7-2.602 154.7 5.018 160.8 18.92l46.52 108.5c5.438 12.78 1.77 27.67-8.98 36.45L144.5 207.1c33.98 69.22 90.26 125.5 159.5 159.5l44.08-53.8c8.688-10.78 23.69-14.51 36.47-8.975l108.5 46.51C506.1 357.2 514.6 372.4 511.2 387z\"><\/path><\/svg><\/div><div class=\"uagb-ifb-title-wrap\"><p class=\"uagb-ifb-title\">Tel\u00e9fono<\/p><\/div><\/div><p class=\"uagb-ifb-desc\">+34623734819<\/p><div class=\"uagb-ifb-separator\"><\/div><\/div><\/div>\n\n\n\n<div class=\"wp-block-uagb-info-box uagb-block-nymauijz uagb-infobox__content-wrap  uagb-infobox-icon-left-title uagb-infobox-left uagb-infobox-image-valign-top\"><div class=\"uagb-ifb-content\"><div class=\"uagb-ifb-left-title-image\"><div class=\"uagb-ifb-icon-wrap\"><svg xmlns=\"https:\/\/www.w3.org\/2000\/svg\" viewBox=\"0 0 512 512\"><path d=\"M464 64C490.5 64 512 85.49 512 112C512 127.1 504.9 141.3 492.8 150.4L275.2 313.6C263.8 322.1 248.2 322.1 236.8 313.6L19.2 150.4C7.113 141.3 0 127.1 0 112C0 85.49 21.49 64 48 64H464zM217.6 339.2C240.4 356.3 271.6 356.3 294.4 339.2L512 176V384C512 419.3 483.3 448 448 448H64C28.65 448 0 419.3 0 384V176L217.6 339.2z\"><\/path><\/svg><\/div><div class=\"uagb-ifb-title-wrap\"><p class=\"uagb-ifb-title\">Email<\/p><\/div><\/div><p class=\"uagb-ifb-desc\">reservas@cobrarentalbikevalencia.com<\/p><div class=\"uagb-ifb-separator\"><\/div><\/div><\/div>\n<\/div>\n\n\n\t\t\t<div \n\t\t\tclass=\"wp-block-uagb-google-map uagb-google-map__wrap uagb-block-yjlf6f8s     \"\n\t\t\tstyle=\"\" >\n\t\t\t\t<embed\n\t\t\t\t\tclass=\"uagb-google-map__iframe\"\n\t\t\t\t\ttitle=\"Mapa de Google de\"\n\t\t\t\t\tsrc=\"https:\/\/maps.google.com\/maps?q=Carrer%20de%20la%20Bosseria%2C%2017%2C%2046001%20Val%C3%A9ncia%2C%20Espa%C3%B1a&#038;z=15&#038;hl=es&#038;t=m&#038;output=embed&#038;iwloc=near\"\n\t\t\t\t\twidth=\"640\"\n\t\t\t\t\theight=\"500\"\n\t\t\t\t\tloading=\"lazy\"\n\t\t\t\t><\/embed>\n\t\t\t<\/div>\n\t\t\t<\/div><\/div>\n","protected":false},"excerpt":{"rendered":"<p>Descubre Valencia sobre ruedas con nuestro BIKE TOUR al MEJOR PRECIO! \u00a1Reserva Ahora!<\/p>\n","protected":false},"author":1,"featured_media":0,"parent":0,"menu_order":0,"comment_status":"closed","ping_status":"closed","template":"","meta":{"_surecart_dashboard_logo_width":"180px","_surecart_dashboard_show_logo":true,"_surecart_dashboard_navigation_orders":true,"_surecart_dashboard_navigation_invoices":true,"_surecart_dashboard_navigation_subscriptions":true,"_surecart_dashboard_navigation_downloads":true,"_surecart_dashboard_navigation_billing":true,"_surecart_dashboard_navigation_account":true,"_uag_custom_page_level_css":"","site-sidebar-layout":"no-sidebar","site-content-layout":"plain-container","ast-site-content-layout":"normal-width-container","site-content-style":"unboxed","site-sidebar-style":"unboxed","ast-global-header-display":"","ast-banner-title-visibility":"","ast-main-header-display":"","ast-hfb-above-header-display":"","ast-hfb-below-header-display":"","ast-hfb-mobile-header-display":"","site-post-title":"disabled","ast-breadcrumbs-content":"","ast-featured-img":"disabled","footer-sml-layout":"","ast-disable-related-posts":"","theme-transparent-header-meta":"enabled","adv-header-id-meta":"","stick-header-meta":"","header-above-stick-meta":"","header-main-stick-meta":"","header-below-stick-meta":"","astra-migrate-meta-layouts":"set","ast-page-background-enabled":"default","ast-page-background-meta":{"desktop":{"background-color":"","background-image":"","background-repeat":"repeat","background-position":"center center","background-size":"auto","background-attachment":"scroll","background-type":"","background-media":"","overlay-type":"","overlay-color":"","overlay-opacity":"","overlay-gradient":""},"tablet":{"background-color":"","background-image":"","background-repeat":"repeat","background-position":"center center","background-size":"auto","background-attachment":"scroll","background-type":"","background-media":"","overlay-type":"","overlay-color":"","overlay-opacity":"","overlay-gradient":""},"mobile":{"background-color":"","background-image":"","background-repeat":"repeat","background-position":"center center","background-size":"auto","background-attachment":"scroll","background-type":"","background-media":"","overlay-type":"","overlay-color":"","overlay-opacity":"","overlay-gradient":""}},"ast-content-background-meta":{"desktop":{"background-color":"var(--ast-global-color-5)","background-image":"","background-repeat":"repeat","background-position":"center center","background-size":"auto","background-attachment":"scroll","background-type":"","background-media":"","overlay-type":"","overlay-color":"","overlay-opacity":"","overlay-gradient":""},"tablet":{"background-color":"var(--ast-global-color-5)","background-image":"","background-repeat":"repeat","background-position":"center center","background-size":"auto","background-attachment":"scroll","background-type":"","background-media":"","overlay-type":"","overlay-color":"","overlay-opacity":"","overlay-gradient":""},"mobile":{"background-color":"var(--ast-global-color-5)","background-image":"","background-repeat":"repeat","background-position":"center center","background-size":"auto","background-attachment":"scroll","background-type":"","background-media":"","overlay-type":"","overlay-color":"","overlay-opacity":"","overlay-gradient":""}},"_joinchat":[],"footnotes":""},"class_list":["post-2666","page","type-page","status-publish","hentry"],"yoast_head":"<!-- This site is optimized with the Yoast SEO plugin v27.4 - https:\/\/yoast.com\/product\/yoast-seo-wordpress\/ -->\n<title>Tours - Cobra Renta Bike<\/title>\n<meta name=\"robots\" content=\"index, follow, max-snippet:-1, max-image-preview:large, max-video-preview:-1\" \/>\n<link rel=\"canonical\" href=\"https:\/\/cobrarentalbike.com\/es\/tours\/\" \/>\n<meta property=\"og:locale\" content=\"es_ES\" \/>\n<meta property=\"og:type\" content=\"article\" \/>\n<meta property=\"og:title\" content=\"Tours - Cobra Renta Bike\" \/>\n<meta property=\"og:description\" content=\"Descubre Valencia sobre ruedas con nuestro BIKE TOUR al MEJOR PRECIO! \u00a1Reserva Ahora!\" \/>\n<meta property=\"og:url\" content=\"https:\/\/cobrarentalbike.com\/es\/tours\/\" \/>\n<meta property=\"og:site_name\" content=\"Cobra Renta Bike\" \/>\n<meta property=\"article:modified_time\" content=\"2025-05-14T21:52:59+00:00\" \/>\n<meta property=\"og:image\" content=\"https:\/\/cobrarentalbike.com\/wp-content\/uploads\/2025\/04\/Imagen-de-tours-1024x683.png\" \/>\n<meta name=\"twitter:card\" content=\"summary_large_image\" \/>\n<meta name=\"twitter:label1\" content=\"Tiempo de lectura\" \/>\n\t<meta name=\"twitter:data1\" content=\"2 minutos\" \/>\n<script type=\"application\/ld+json\" class=\"yoast-schema-graph\">{\"@context\":\"https:\\\/\\\/schema.org\",\"@graph\":[{\"@type\":\"WebPage\",\"@id\":\"https:\\\/\\\/cobrarentalbike.com\\\/es\\\/tours\\\/\",\"url\":\"https:\\\/\\\/cobrarentalbike.com\\\/es\\\/tours\\\/\",\"name\":\"Tours - Cobra Renta Bike\",\"isPartOf\":{\"@id\":\"https:\\\/\\\/cobrarentalbike.com\\\/es\\\/#website\"},\"primaryImageOfPage\":{\"@id\":\"https:\\\/\\\/cobrarentalbike.com\\\/es\\\/tours\\\/#primaryimage\"},\"image\":{\"@id\":\"https:\\\/\\\/cobrarentalbike.com\\\/es\\\/tours\\\/#primaryimage\"},\"thumbnailUrl\":\"https:\\\/\\\/cobrarentalbike.com\\\/wp-content\\\/uploads\\\/2025\\\/04\\\/Imagen-de-tours-1024x683.png\",\"datePublished\":\"2025-04-20T04:16:15+00:00\",\"dateModified\":\"2025-05-14T21:52:59+00:00\",\"breadcrumb\":{\"@id\":\"https:\\\/\\\/cobrarentalbike.com\\\/es\\\/tours\\\/#breadcrumb\"},\"inLanguage\":\"es\",\"potentialAction\":[{\"@type\":\"ReadAction\",\"target\":[\"https:\\\/\\\/cobrarentalbike.com\\\/es\\\/tours\\\/\"]}]},{\"@type\":\"ImageObject\",\"inLanguage\":\"es\",\"@id\":\"https:\\\/\\\/cobrarentalbike.com\\\/es\\\/tours\\\/#primaryimage\",\"url\":\"https:\\\/\\\/cobrarentalbike.com\\\/wp-content\\\/uploads\\\/2025\\\/04\\\/Imagen-de-tours-1024x683.png\",\"contentUrl\":\"https:\\\/\\\/cobrarentalbike.com\\\/wp-content\\\/uploads\\\/2025\\\/04\\\/Imagen-de-tours-1024x683.png\"},{\"@type\":\"BreadcrumbList\",\"@id\":\"https:\\\/\\\/cobrarentalbike.com\\\/es\\\/tours\\\/#breadcrumb\",\"itemListElement\":[{\"@type\":\"ListItem\",\"position\":1,\"name\":\"Home\",\"item\":\"https:\\\/\\\/cobrarentalbike.com\\\/es\\\/\"},{\"@type\":\"ListItem\",\"position\":2,\"name\":\"Tours\"}]},{\"@type\":\"WebSite\",\"@id\":\"https:\\\/\\\/cobrarentalbike.com\\\/es\\\/#website\",\"url\":\"https:\\\/\\\/cobrarentalbike.com\\\/es\\\/\",\"name\":\"Cobra Renta Bike\",\"description\":\"Alquiler de bicicletas y tours guiados en Valencia\",\"publisher\":{\"@id\":\"https:\\\/\\\/cobrarentalbike.com\\\/es\\\/#organization\"},\"potentialAction\":[{\"@type\":\"SearchAction\",\"target\":{\"@type\":\"EntryPoint\",\"urlTemplate\":\"https:\\\/\\\/cobrarentalbike.com\\\/es\\\/?s={search_term_string}\"},\"query-input\":{\"@type\":\"PropertyValueSpecification\",\"valueRequired\":true,\"valueName\":\"search_term_string\"}}],\"inLanguage\":\"es\"},{\"@type\":\"Organization\",\"@id\":\"https:\\\/\\\/cobrarentalbike.com\\\/es\\\/#organization\",\"name\":\"Cobra Renta Bike\",\"url\":\"https:\\\/\\\/cobrarentalbike.com\\\/es\\\/\",\"logo\":{\"@type\":\"ImageObject\",\"inLanguage\":\"es\",\"@id\":\"https:\\\/\\\/cobrarentalbike.com\\\/es\\\/#\\\/schema\\\/logo\\\/image\\\/\",\"url\":\"https:\\\/\\\/cobrarentalbike.com\\\/wp-content\\\/uploads\\\/2025\\\/04\\\/KobraBike_Oficial_Horizontal-03.png\",\"contentUrl\":\"https:\\\/\\\/cobrarentalbike.com\\\/wp-content\\\/uploads\\\/2025\\\/04\\\/KobraBike_Oficial_Horizontal-03.png\",\"width\":1800,\"height\":470,\"caption\":\"Cobra Renta Bike\"},\"image\":{\"@id\":\"https:\\\/\\\/cobrarentalbike.com\\\/es\\\/#\\\/schema\\\/logo\\\/image\\\/\"},\"sameAs\":[\"https:\\\/\\\/www.instagram.com\\\/cobrarentalbike\",\"https:\\\/\\\/www.tiktok.com\\\/@cobra.rental.bike\"]}]}<\/script>\n<!-- \/ Yoast SEO plugin. -->","yoast_head_json":{"title":"Tours - Cobra Renta Bike","robots":{"index":"index","follow":"follow","max-snippet":"max-snippet:-1","max-image-preview":"max-image-preview:large","max-video-preview":"max-video-preview:-1"},"canonical":"https:\/\/cobrarentalbike.com\/es\/tours\/","og_locale":"es_ES","og_type":"article","og_title":"Tours - Cobra Renta Bike","og_description":"Descubre Valencia sobre ruedas con nuestro BIKE TOUR al MEJOR PRECIO! \u00a1Reserva Ahora!","og_url":"https:\/\/cobrarentalbike.com\/es\/tours\/","og_site_name":"Cobra Renta Bike","article_modified_time":"2025-05-14T21:52:59+00:00","og_image":[{"url":"https:\/\/cobrarentalbike.com\/wp-content\/uploads\/2025\/04\/Imagen-de-tours-1024x683.png","type":"","width":"","height":""}],"twitter_card":"summary_large_image","twitter_misc":{"Tiempo de lectura":"2 minutos"},"schema":{"@context":"https:\/\/schema.org","@graph":[{"@type":"WebPage","@id":"https:\/\/cobrarentalbike.com\/es\/tours\/","url":"https:\/\/cobrarentalbike.com\/es\/tours\/","name":"Tours - Cobra Renta Bike","isPartOf":{"@id":"https:\/\/cobrarentalbike.com\/es\/#website"},"primaryImageOfPage":{"@id":"https:\/\/cobrarentalbike.com\/es\/tours\/#primaryimage"},"image":{"@id":"https:\/\/cobrarentalbike.com\/es\/tours\/#primaryimage"},"thumbnailUrl":"https:\/\/cobrarentalbike.com\/wp-content\/uploads\/2025\/04\/Imagen-de-tours-1024x683.png","datePublished":"2025-04-20T04:16:15+00:00","dateModified":"2025-05-14T21:52:59+00:00","breadcrumb":{"@id":"https:\/\/cobrarentalbike.com\/es\/tours\/#breadcrumb"},"inLanguage":"es","potentialAction":[{"@type":"ReadAction","target":["https:\/\/cobrarentalbike.com\/es\/tours\/"]}]},{"@type":"ImageObject","inLanguage":"es","@id":"https:\/\/cobrarentalbike.com\/es\/tours\/#primaryimage","url":"https:\/\/cobrarentalbike.com\/wp-content\/uploads\/2025\/04\/Imagen-de-tours-1024x683.png","contentUrl":"https:\/\/cobrarentalbike.com\/wp-content\/uploads\/2025\/04\/Imagen-de-tours-1024x683.png"},{"@type":"BreadcrumbList","@id":"https:\/\/cobrarentalbike.com\/es\/tours\/#breadcrumb","itemListElement":[{"@type":"ListItem","position":1,"name":"Home","item":"https:\/\/cobrarentalbike.com\/es\/"},{"@type":"ListItem","position":2,"name":"Tours"}]},{"@type":"WebSite","@id":"https:\/\/cobrarentalbike.com\/es\/#website","url":"https:\/\/cobrarentalbike.com\/es\/","name":"Cobra Renta Bike","description":"Alquiler de bicicletas y tours guiados en Valencia","publisher":{"@id":"https:\/\/cobrarentalbike.com\/es\/#organization"},"potentialAction":[{"@type":"SearchAction","target":{"@type":"EntryPoint","urlTemplate":"https:\/\/cobrarentalbike.com\/es\/?s={search_term_string}"},"query-input":{"@type":"PropertyValueSpecification","valueRequired":true,"valueName":"search_term_string"}}],"inLanguage":"es"},{"@type":"Organization","@id":"https:\/\/cobrarentalbike.com\/es\/#organization","name":"Cobra Renta Bike","url":"https:\/\/cobrarentalbike.com\/es\/","logo":{"@type":"ImageObject","inLanguage":"es","@id":"https:\/\/cobrarentalbike.com\/es\/#\/schema\/logo\/image\/","url":"https:\/\/cobrarentalbike.com\/wp-content\/uploads\/2025\/04\/KobraBike_Oficial_Horizontal-03.png","contentUrl":"https:\/\/cobrarentalbike.com\/wp-content\/uploads\/2025\/04\/KobraBike_Oficial_Horizontal-03.png","width":1800,"height":470,"caption":"Cobra Renta Bike"},"image":{"@id":"https:\/\/cobrarentalbike.com\/es\/#\/schema\/logo\/image\/"},"sameAs":["https:\/\/www.instagram.com\/cobrarentalbike","https:\/\/www.tiktok.com\/@cobra.rental.bike"]}]}},"uagb_featured_image_src":{"full":false,"thumbnail":false,"medium":false,"medium_large":false,"large":false,"1536x1536":false,"2048x2048":false},"uagb_author_info":{"display_name":"cobrarentalbikevalencia","author_link":"https:\/\/cobrarentalbike.com\/es\/author\/cobrarentalbikevalencia\/"},"uagb_comment_info":0,"uagb_excerpt":"Descubre Valencia sobre ruedas con nuestro BIKE TOUR al MEJOR PRECIO! \u00a1Reserva Ahora!","_links":{"self":[{"href":"https:\/\/cobrarentalbike.com\/es\/wp-json\/wp\/v2\/pages\/2666","targetHints":{"allow":["GET"]}}],"collection":[{"href":"https:\/\/cobrarentalbike.com\/es\/wp-json\/wp\/v2\/pages"}],"about":[{"href":"https:\/\/cobrarentalbike.com\/es\/wp-json\/wp\/v2\/types\/page"}],"author":[{"embeddable":true,"href":"https:\/\/cobrarentalbike.com\/es\/wp-json\/wp\/v2\/users\/1"}],"replies":[{"embeddable":true,"href":"https:\/\/cobrarentalbike.com\/es\/wp-json\/wp\/v2\/comments?post=2666"}],"version-history":[{"count":21,"href":"https:\/\/cobrarentalbike.com\/es\/wp-json\/wp\/v2\/pages\/2666\/revisions"}],"predecessor-version":[{"id":3435,"href":"https:\/\/cobrarentalbike.com\/es\/wp-json\/wp\/v2\/pages\/2666\/revisions\/3435"}],"wp:attachment":[{"href":"https:\/\/cobrarentalbike.com\/es\/wp-json\/wp\/v2\/media?parent=2666"}],"curies":[{"name":"wp","href":"https:\/\/api.w.org\/{rel}","templated":true}]}}